{"id":3919,"date":"2025-12-15T20:18:35","date_gmt":"2025-12-15T20:18:35","guid":{"rendered":"https:\/\/zic.legal\/?page_id=3919"},"modified":"2025-12-28T09:23:56","modified_gmt":"2025-12-28T09:23:56","slug":"costicaluchian","status":"publish","type":"page","link":"https:\/\/zic.legal\/ro\/team\/costicaluchian\/","title":{"rendered":"Costica Luchian"},"content":{"rendered":"<div class=\"fusion-fullwidth fullwidth-box fusion-builder-row-1 fusion-flex-container has-pattern-background has-mask-background profile-page nonhundred-percent-fullwidth non-hundred-percent-height-scrolling\" style=\"--awb-border-radius-top-left:0px;--awb-border-radius-top-right:0px;--awb-border-radius-bottom-right:0px;--awb-border-radius-bottom-left:0px;--awb-padding-bottom:229.99599999999998px;--awb-flex-wrap:wrap;\" ><div class=\"fusion-builder-row fusion-row fusion-flex-align-items-flex-start fusion-flex-content-wrap\" style=\"max-width:104vw;margin-left: calc(-4% \/ 2 );margin-right: calc(-4% \/ 2 );\"><div class=\"fusion-layout-column fusion_builder_column fusion-builder-column-0 fusion_builder_column_1_3 1_3 fusion-flex-column\" style=\"--awb-padding-top:0px;--awb-padding-right:0px;--awb-padding-bottom:0px;--awb-padding-left:0px;--awb-bg-size:cover;--awb-width-large:33.333333333333%;--awb-margin-top-large:0px;--awb-spacing-right-large:0%;--awb-margin-bottom-large:0px;--awb-spacing-left-large:0%;--awb-width-medium:33.333333333333%;--awb-order-medium:0;--awb-spacing-right-medium:0%;--awb-spacing-left-medium:0%;--awb-width-small:100%;--awb-order-small:0;--awb-margin-top-small:105px;--awb-spacing-right-small:1.92%;--awb-spacing-left-small:1.92%;\" id=\"person-profile\"><div class=\"fusion-column-wrapper fusion-column-has-shadow fusion-flex-justify-content-flex-start fusion-content-layout-column\"><div class=\"fusion-image-element\" style=\"--awb-caption-title-font-family:var(--h2_typography-font-family);--awb-caption-title-font-weight:var(--h2_typography-font-weight);--awb-caption-title-font-style:var(--h2_typography-font-style);--awb-caption-title-size:var(--h2_typography-font-size);--awb-caption-title-transform:var(--h2_typography-text-transform);--awb-caption-title-line-height:var(--h2_typography-line-height);--awb-caption-title-letter-spacing:var(--h2_typography-letter-spacing);\"><span class=\"fusion-imageframe imageframe-none imageframe-1 hover-type-none\"><img decoding=\"async\" width=\"694\" height=\"894\" title=\"Luchian_Close_Up\" src=\"https:\/\/zic.legal\/wp-content\/uploads\/2025\/12\/Luchian_Close_Up.png\" alt class=\"img-responsive wp-image-3903\" srcset=\"https:\/\/zic.legal\/wp-content\/uploads\/2025\/12\/Luchian_Close_Up-9x12.png 9w, https:\/\/zic.legal\/wp-content\/uploads\/2025\/12\/Luchian_Close_Up-200x258.png 200w, https:\/\/zic.legal\/wp-content\/uploads\/2025\/12\/Luchian_Close_Up-233x300.png 233w, https:\/\/zic.legal\/wp-content\/uploads\/2025\/12\/Luchian_Close_Up-400x515.png 400w, https:\/\/zic.legal\/wp-content\/uploads\/2025\/12\/Luchian_Close_Up-600x773.png 600w, https:\/\/zic.legal\/wp-content\/uploads\/2025\/12\/Luchian_Close_Up.png 694w\" sizes=\"(max-width: 640px) 100vw, 694px\" \/><\/span><\/div><div class=\"fusion-section-separator section-separator slant fusion-section-separator-1\" style=\"--awb-spacer-height:40px;--awb-svg-margin-left:0%;--awb-svg-margin-right:0%;--awb-svg-margin-left-medium:0%;--awb-svg-margin-right-medium:0%;--awb-svg-margin-left-small:1.92%;--awb-svg-margin-right-small:1.92%;--awb-divider-height:40px;--awb-spacer-padding-top:inherit;--awb-sep-padding:0;--awb-svg-padding:0;--awb-svg-tag-margin-bottom:-3px;--awb-sep-svg-display:block;\" id=\"slant\"><div class=\"fusion-section-separator-svg\"><svg class=\"fusion-slant-candy\" xmlns=\"http:\/\/www.w3.org\/2000\/svg\" version=\"1.1\" width=\"100%\" height=\"100\" viewbox=\"0 0 100 100\" preserveaspectratio=\"none\" fill=\"rgba(137,128,245,1)\"><path d=\"M100 0 L0 100 L101 100 Z\"><\/path><\/svg><\/div><div class=\"fusion-section-separator-spacer\"><div class=\"fusion-section-separator-spacer-height\"><\/div><\/div><\/div><div class=\"fusion-title title fusion-title-1 fusion-sep-none fusion-title-center fusion-title-text fusion-title-size-two background-card\" style=\"--awb-text-color:var(--awb-color1);--awb-margin-top:0px;--awb-margin-bottom:0px;--awb-margin-top-small:0px;--awb-margin-bottom-small:0px;--awb-margin-top-medium:0px;--awb-margin-right-medium:0px;--awb-margin-bottom-medium:0px;--awb-margin-left-medium:0px;\"><h2 class=\"fusion-title-heading title-heading-center\" style=\"font-family:&quot;Euclid Flex Bold&quot;;font-style:normal;font-weight:400;margin:0;letter-spacing:-3px;\"><strong>Costica Luchian<\/strong><\/h2><\/div><div class=\"fusion-title title fusion-title-2 fusion-sep-none fusion-title-center fusion-title-text fusion-title-size-two background-card end\" style=\"--awb-text-color:var(--awb-color1);--awb-margin-top:0px;--awb-margin-bottom:0px;--awb-margin-top-small:0px;--awb-margin-bottom-small:0px;--awb-margin-top-medium:0px;--awb-margin-right-medium:0px;--awb-margin-bottom-medium:0px;--awb-margin-left-medium:0px;\"><h2 class=\"fusion-title-heading title-heading-center\" style=\"font-family:&quot;Euclid Flex Bold&quot;;font-style:normal;font-weight:400;margin:0;letter-spacing:-3px;\">CyberOps Network expert<\/h2><\/div><\/div><\/div><div class=\"fusion-layout-column fusion_builder_column fusion-builder-column-1 fusion_builder_column_2_3 2_3 fusion-flex-column\" style=\"--awb-bg-size:cover;--awb-width-large:66.666666666667%;--awb-margin-top-large:100px;--awb-spacing-right-large:2.88%;--awb-margin-bottom-large:20px;--awb-spacing-left-large:2.88%;--awb-width-medium:66.666666666667%;--awb-order-medium:0;--awb-spacing-right-medium:2.88%;--awb-spacing-left-medium:2.88%;--awb-width-small:100%;--awb-order-small:0;--awb-spacing-right-small:1.92%;--awb-spacing-left-small:1.92%;\"><div class=\"fusion-column-wrapper fusion-column-has-shadow fusion-flex-justify-content-flex-start fusion-content-layout-column\"><div class=\"fusion-text fusion-text-1 fusion-text-no-margin\" style=\"--awb-font-size:16px;--awb-line-height:5px;--awb-text-color:var(--awb-color2);--awb-margin-top:0px;--awb-margin-bottom:0px;--awb-margin-left:30px;--awb-text-font-family:&quot;Euclid Flex Regular&quot;;--awb-text-font-style:normal;--awb-text-font-weight:400;\"><p><b>\u00a0<\/b><\/p>\n<p><b>Digital Forensics &amp; Incident Response | <span style=\"background-color: rgba(0, 0, 0, 0);\">Red Team Expert<\/span><\/b><\/p>\n<p><b><span style=\"background-color: rgba(0, 0, 0, 0);\">\u00a0<\/span><\/b><\/p>\n<\/div><div class=\"fusion-separator fusion-full-width-sep\" style=\"align-self: center;margin-left: auto;margin-right: auto;margin-top:20px;margin-bottom:16px;width:100%;\"><div class=\"fusion-separator-border sep-single sep-solid\" style=\"--awb-height:20px;--awb-amount:20px;border-color:var(--awb-color3);border-top-width:1px;\"><\/div><\/div><div class=\"fusion-text fusion-text-2 fusion-text-no-margin\" style=\"--awb-font-size:16px;--awb-line-height:26px;--awb-text-color:var(--awb-color2);--awb-margin-top:0px;--awb-margin-bottom:0px;--awb-margin-left:30px;--awb-text-font-family:&quot;Euclid Flex Regular&quot;;--awb-text-font-style:normal;--awb-text-font-weight:400;\"><p>Peste 6 ani de experien\u021b\u0103 \u00een domeniul securit\u0103\u021bii cibernetice, cu un accent puternic pe opera\u021biuni complexe de tip Red Team. Este, de asemenea, specializat \u00een Digital Forensics \u0219i Incident Response, gestion\u00e2nd incidentele de securitate de la bre\u0219a ini\u021bial\u0103 p\u00e2n\u0103 la rezolvarea final\u0103.<\/p>\n<p>Costic\u0103 este fondator al <a href=\"https:\/\/cyberopsnetwork.com\/\" target=\"_blank\" rel=\"noopener\">CyberOps Network<\/a>.<\/p>\n<\/div><div class=\"fusion-separator fusion-full-width-sep\" style=\"align-self: center;margin-left: auto;margin-right: auto;margin-top:16px;margin-bottom:16px;width:100%;\"><\/div><\/div><\/div><\/div><\/div>","protected":false},"excerpt":{"rendered":"","protected":false},"author":5,"featured_media":0,"parent":3508,"menu_order":0,"comment_status":"closed","ping_status":"closed","template":"100-width.php","meta":{"_acf_changed":false,"footnotes":""},"class_list":["post-3919","page","type-page","status-publish","hentry"],"acf":[],"yoast_head":"<!-- This site is optimized with the Yoast SEO plugin v26.8 - https:\/\/yoast.com\/product\/yoast-seo-wordpress\/ -->\n<title>Costica Luchian | ZIC Legal<\/title>\n<meta name=\"robots\" content=\"index, follow, max-snippet:-1, max-image-preview:large, max-video-preview:-1\" \/>\n<link rel=\"canonical\" href=\"https:\/\/zic.legal\/ro\/team\/costicaluchian\/\" \/>\n<meta property=\"og:locale\" content=\"ro_RO\" \/>\n<meta property=\"og:type\" content=\"article\" \/>\n<meta property=\"og:title\" content=\"Costica Luchian | ZIC Legal\" \/>\n<meta property=\"og:url\" content=\"https:\/\/zic.legal\/ro\/team\/costicaluchian\/\" \/>\n<meta property=\"og:site_name\" content=\"ZIC Legal\" \/>\n<meta property=\"article:publisher\" content=\"https:\/\/www.facebook.com\/profile.php?id=61573624655319\" \/>\n<meta property=\"article:modified_time\" content=\"2025-12-28T09:23:56+00:00\" \/>\n<meta property=\"og:image\" content=\"https:\/\/zic.legal\/wp-content\/uploads\/2025\/03\/Banner_stagiar.jpg\" \/>\n\t<meta property=\"og:image:width\" content=\"2400\" \/>\n\t<meta property=\"og:image:height\" content=\"1260\" \/>\n\t<meta property=\"og:image:type\" content=\"image\/jpeg\" \/>\n<meta name=\"twitter:card\" content=\"summary_large_image\" \/>\n<meta name=\"twitter:label1\" content=\"Timp estimat pentru citire\" \/>\n\t<meta name=\"twitter:data1\" content=\"1 minut\" \/>\n<script type=\"application\/ld+json\" class=\"yoast-schema-graph\">{\"@context\":\"https:\/\/schema.org\",\"@graph\":[{\"@type\":\"WebPage\",\"@id\":\"https:\/\/zic.legal\/team\/costicaluchian\/\",\"url\":\"https:\/\/zic.legal\/team\/costicaluchian\/\",\"name\":\"Costica Luchian | ZIC Legal\",\"isPartOf\":{\"@id\":\"https:\/\/zic.legal\/#website\"},\"datePublished\":\"2025-12-15T20:18:35+00:00\",\"dateModified\":\"2025-12-28T09:23:56+00:00\",\"breadcrumb\":{\"@id\":\"https:\/\/zic.legal\/team\/costicaluchian\/#breadcrumb\"},\"inLanguage\":\"ro-RO\",\"potentialAction\":[{\"@type\":\"ReadAction\",\"target\":[\"https:\/\/zic.legal\/team\/costicaluchian\/\"]}]},{\"@type\":\"BreadcrumbList\",\"@id\":\"https:\/\/zic.legal\/team\/costicaluchian\/#breadcrumb\",\"itemListElement\":[{\"@type\":\"ListItem\",\"position\":1,\"name\":\"Home\",\"item\":\"https:\/\/zic.legal\/\"},{\"@type\":\"ListItem\",\"position\":2,\"name\":\"Team\",\"item\":\"https:\/\/zic.legal\/team\/\"},{\"@type\":\"ListItem\",\"position\":3,\"name\":\"Costica Luchian\"}]},{\"@type\":\"WebSite\",\"@id\":\"https:\/\/zic.legal\/#website\",\"url\":\"https:\/\/zic.legal\/\",\"name\":\"Zlati Ionescu Chiperi SCA\",\"description\":\"Not another brick in the law\",\"publisher\":{\"@id\":\"https:\/\/zic.legal\/#organization\"},\"alternateName\":\"Zlati Ionescu Chiperi - SCA\",\"potentialAction\":[{\"@type\":\"SearchAction\",\"target\":{\"@type\":\"EntryPoint\",\"urlTemplate\":\"https:\/\/zic.legal\/?s={search_term_string}\"},\"query-input\":{\"@type\":\"PropertyValueSpecification\",\"valueRequired\":true,\"valueName\":\"search_term_string\"}}],\"inLanguage\":\"ro-RO\"},{\"@type\":\"Organization\",\"@id\":\"https:\/\/zic.legal\/#organization\",\"name\":\"Zlati Ionescu Chiperi SCA\",\"url\":\"https:\/\/zic.legal\/\",\"logo\":{\"@type\":\"ImageObject\",\"inLanguage\":\"ro-RO\",\"@id\":\"https:\/\/zic.legal\/#\/schema\/logo\/image\/\",\"url\":\"https:\/\/zic.legal\/wp-content\/uploads\/2025\/02\/Logo-Color-RGB@0.5x.png\",\"contentUrl\":\"https:\/\/zic.legal\/wp-content\/uploads\/2025\/02\/Logo-Color-RGB@0.5x.png\",\"width\":306,\"height\":306,\"caption\":\"Zlati Ionescu Chiperi SCA\"},\"image\":{\"@id\":\"https:\/\/zic.legal\/#\/schema\/logo\/image\/\"},\"sameAs\":[\"https:\/\/www.facebook.com\/profile.php?id=61573624655319\",\"https:\/\/www.linkedin.com\/company\/zic-legal\/\"]}]}<\/script>\n<!-- \/ Yoast SEO plugin. -->","yoast_head_json":{"title":"Costica Luchian | ZIC Legal","robots":{"index":"index","follow":"follow","max-snippet":"max-snippet:-1","max-image-preview":"max-image-preview:large","max-video-preview":"max-video-preview:-1"},"canonical":"https:\/\/zic.legal\/ro\/team\/costicaluchian\/","og_locale":"ro_RO","og_type":"article","og_title":"Costica Luchian | ZIC Legal","og_url":"https:\/\/zic.legal\/ro\/team\/costicaluchian\/","og_site_name":"ZIC Legal","article_publisher":"https:\/\/www.facebook.com\/profile.php?id=61573624655319","article_modified_time":"2025-12-28T09:23:56+00:00","og_image":[{"width":2400,"height":1260,"url":"https:\/\/zic.legal\/wp-content\/uploads\/2025\/03\/Banner_stagiar.jpg","type":"image\/jpeg"}],"twitter_card":"summary_large_image","twitter_misc":{"Timp estimat pentru citire":"1 minut"},"schema":{"@context":"https:\/\/schema.org","@graph":[{"@type":"WebPage","@id":"https:\/\/zic.legal\/team\/costicaluchian\/","url":"https:\/\/zic.legal\/team\/costicaluchian\/","name":"Costica Luchian | ZIC Legal","isPartOf":{"@id":"https:\/\/zic.legal\/#website"},"datePublished":"2025-12-15T20:18:35+00:00","dateModified":"2025-12-28T09:23:56+00:00","breadcrumb":{"@id":"https:\/\/zic.legal\/team\/costicaluchian\/#breadcrumb"},"inLanguage":"ro-RO","potentialAction":[{"@type":"ReadAction","target":["https:\/\/zic.legal\/team\/costicaluchian\/"]}]},{"@type":"BreadcrumbList","@id":"https:\/\/zic.legal\/team\/costicaluchian\/#breadcrumb","itemListElement":[{"@type":"ListItem","position":1,"name":"Home","item":"https:\/\/zic.legal\/"},{"@type":"ListItem","position":2,"name":"Team","item":"https:\/\/zic.legal\/team\/"},{"@type":"ListItem","position":3,"name":"Costica Luchian"}]},{"@type":"WebSite","@id":"https:\/\/zic.legal\/#website","url":"https:\/\/zic.legal\/","name":"Zlati Ionescu Chiperi SCA","description":"Not another brick in the law","publisher":{"@id":"https:\/\/zic.legal\/#organization"},"alternateName":"Zlati Ionescu Chiperi - SCA","potentialAction":[{"@type":"SearchAction","target":{"@type":"EntryPoint","urlTemplate":"https:\/\/zic.legal\/?s={search_term_string}"},"query-input":{"@type":"PropertyValueSpecification","valueRequired":true,"valueName":"search_term_string"}}],"inLanguage":"ro-RO"},{"@type":"Organization","@id":"https:\/\/zic.legal\/#organization","name":"Zlati Ionescu Chiperi SCA","url":"https:\/\/zic.legal\/","logo":{"@type":"ImageObject","inLanguage":"ro-RO","@id":"https:\/\/zic.legal\/#\/schema\/logo\/image\/","url":"https:\/\/zic.legal\/wp-content\/uploads\/2025\/02\/Logo-Color-RGB@0.5x.png","contentUrl":"https:\/\/zic.legal\/wp-content\/uploads\/2025\/02\/Logo-Color-RGB@0.5x.png","width":306,"height":306,"caption":"Zlati Ionescu Chiperi SCA"},"image":{"@id":"https:\/\/zic.legal\/#\/schema\/logo\/image\/"},"sameAs":["https:\/\/www.facebook.com\/profile.php?id=61573624655319","https:\/\/www.linkedin.com\/company\/zic-legal\/"]}]}},"jetpack_sharing_enabled":true,"_links":{"self":[{"href":"https:\/\/zic.legal\/ro\/wp-json\/wp\/v2\/pages\/3919","targetHints":{"allow":["GET"]}}],"collection":[{"href":"https:\/\/zic.legal\/ro\/wp-json\/wp\/v2\/pages"}],"about":[{"href":"https:\/\/zic.legal\/ro\/wp-json\/wp\/v2\/types\/page"}],"author":[{"embeddable":true,"href":"https:\/\/zic.legal\/ro\/wp-json\/wp\/v2\/users\/5"}],"replies":[{"embeddable":true,"href":"https:\/\/zic.legal\/ro\/wp-json\/wp\/v2\/comments?post=3919"}],"version-history":[{"count":6,"href":"https:\/\/zic.legal\/ro\/wp-json\/wp\/v2\/pages\/3919\/revisions"}],"predecessor-version":[{"id":4026,"href":"https:\/\/zic.legal\/ro\/wp-json\/wp\/v2\/pages\/3919\/revisions\/4026"}],"up":[{"embeddable":true,"href":"https:\/\/zic.legal\/ro\/wp-json\/wp\/v2\/pages\/3508"}],"wp:attachment":[{"href":"https:\/\/zic.legal\/ro\/wp-json\/wp\/v2\/media?parent=3919"}],"curies":[{"name":"wp","href":"https:\/\/api.w.org\/{rel}","templated":true}]}}